{"id":8032,"date":"2023-03-07T09:00:55","date_gmt":"2023-03-07T08:00:55","guid":{"rendered":"https:\/\/galtenberg.sunrise-web.com\/sporthotel\/"},"modified":"2025-10-22T11:11:31","modified_gmt":"2025-10-22T09:11:31","slug":"hotel-sejours-sport","status":"publish","type":"page","link":"https:\/\/www.galtenberg.at\/fr\/hotel-sejours-sport\/","title":{"rendered":"Activit\u00e9s &#038; \u00e9t\u00e9"},"content":{"rendered":"","protected":false},"excerpt":{"rendered":"","protected":false},"author":2,"featured_media":0,"parent":0,"menu_order":0,"comment_status":"closed","ping_status":"closed","template":"","meta":{"_acf_changed":false,"footnotes":""},"class_list":["post-8032","page","type-page","status-publish","hentry"],"acf":[],"_links":{"self":[{"href":"https:\/\/www.galtenberg.at\/fr\/wp-json\/wp\/v2\/pages\/8032","targetHints":{"allow":["GET"]}}],"collection":[{"href":"https:\/\/www.galtenberg.at\/fr\/wp-json\/wp\/v2\/pages"}],"about":[{"href":"https:\/\/www.galtenberg.at\/fr\/wp-json\/wp\/v2\/types\/page"}],"author":[{"embeddable":true,"href":"https:\/\/www.galtenberg.at\/fr\/wp-json\/wp\/v2\/users\/2"}],"replies":[{"embeddable":true,"href":"https:\/\/www.galtenberg.at\/fr\/wp-json\/wp\/v2\/comments?post=8032"}],"version-history":[{"count":12,"href":"https:\/\/www.galtenberg.at\/fr\/wp-json\/wp\/v2\/pages\/8032\/revisions"}],"predecessor-version":[{"id":13157,"href":"https:\/\/www.galtenberg.at\/fr\/wp-json\/wp\/v2\/pages\/8032\/revisions\/13157"}],"wp:attachment":[{"href":"https:\/\/www.galtenberg.at\/fr\/wp-json\/wp\/v2\/media?parent=8032"}],"curies":[{"name":"wp","href":"https:\/\/api.w.org\/{rel}","templated":true}]}}